{"id":17,"date":"2018-04-26T19:59:27","date_gmt":"2018-04-26T17:59:27","guid":{"rendered":"http:\/\/chantalgrimm.com\/?page_id=17"},"modified":"2026-02-27T15:51:00","modified_gmt":"2026-02-27T14:51:00","slug":"chantal-grimm-auteure-compositrice-et-animatrice-dateliers-decriture","status":"publish","type":"page","link":"https:\/\/chantalgrimm.com\/","title":{"rendered":"Accueil"},"content":{"rendered":"<div id=\"pl-17\"  class=\"panel-layout\" ><div id=\"pg-17-0\"  class=\"panel-grid panel-no-style\" ><div id=\"pgc-17-0-0\"  class=\"panel-grid-cell\" ><div id=\"panel-17-0-0-0\" class=\"so-panel widget widget_media_image panel-first-child\" data-index=\"0\" ><img fetchpriority=\"high\" decoding=\"async\" width=\"1400\" height=\"590\" src=\"https:\/\/chantalgrimm.com\/wp-content\/uploads\/2026\/01\/Accueil_Actu.jpg\" class=\"image wp-image-4154  attachment-full size-full\" alt=\"\" style=\"max-width: 100%; height: auto;\" \/><\/div><div id=\"panel-17-0-0-1\" class=\"so-panel widget widget_sow-editor panel-last-child\" data-index=\"1\" ><div class=\"panel-widget-style panel-widget-style-for-17-0-0-1\" ><div\n\t\t\t\n\t\t\tclass=\"so-widget-sow-editor so-widget-sow-editor-base\"\n\t\t\t\n\t\t>\n<div class=\"siteorigin-widget-tinymce textwidget\">\n\t<p>&nbsp;<\/p>\n<h1 style=\"text-align: center;\"><span style=\"color: #c67f22;\">CHANTAL GRIMM<\/span><\/h1>\n<h3 style=\"text-align: center;\">AUTEURE ~ COMPOSITRICE ~ CONTEUSE<\/h3>\n<p style=\"text-align: center;\">Un pied sur sc\u00e8ne ou dans le disque et un autre \u00e0 la fac\u00a0: Chantal Grimm est peut-\u00eatre la seule repr\u00e9sentante de ce type en chanson.<\/p>\n<p style=\"text-align: center;\">Un \u00ab\u00a0tube\u00a0\u00bb \u00e0 la fin des ann\u00e9es 70, <em>le Piano cass\u00e9<\/em>, et des titres comme l<em>es Vrais hommes<\/em> (qui d\u00e9fraya la chronique en son temps), <em>Monsieur Tout-le-monde<\/em> (qui est entr\u00e9 dans les livres de classe en Europe du Nord), peu apr\u00e8s, <em>l\u2019Eclusi\u00e8re<\/em> et plus tard <em>Nous les r\u00eaveurs<\/em> ont marqu\u00e9 certaines m\u00e9moires. Actuellement son <em>Hymne pour les femmes,<\/em> enregistrement vid\u00e9o en concert (titre r\u00e9el\u00a0: <em>Femme sans histoire<\/em>, extrait de son dernier CD <em>Mes lunes<\/em>) figure r\u00e9guli\u00e8rement dans la s\u00e9lection Youtube.<\/p>\n<p style=\"text-align: center;\">Sa vocation de transmettre lui a fait pr\u00e9f\u00e9rer la p\u00e9dagogie de la cr\u00e9ation et la d\u00e9fense du fran\u00e7ais par l\u2019\u00e9criture de la chanson, d\u2019Allemagne en Italie, de l\u2019Inde aux Etats-Unis\u2026 et d\u2019Aleph-Ecriture \u00e0 La Sorbonne\/musique. Sa m\u00e9thode, <em>la Cuisine des mots<\/em>, bas\u00e9e sur les jeux de l\u2019oralit\u00e9, est ici en ligne.<\/p>\n<p style=\"text-align: center;\">Historienne aussi par passion, ses recherches sur la place des auteures et compositrices d\u2019avant l\u2019\u00e9poque du disque en font une battante de la parit\u00e9 dans la m\u00e9moire culturelle.\u00a0 Son album <em>\u00ab\u00a0Ballades des Belles Rebelles\u00a0<\/em>\u00bb a \u00e9t\u00e9 r\u00e9-\u00e9dit\u00e9 3 fois.<\/p>\n<p style=\"text-align: center;\">Egalement conteuse et cr\u00e9atrice \u00ab\u00a0Jeune Public\u00a0\u00bb, ses <em>Chantillages<\/em>\u00a0 ont \u00e9t\u00e9 enregistr\u00e9s en 2018 par la ma\u00eetrise de Radio-France en direction des classes maternelles pour le site de l\u2019Education Nationale.<\/p>\n<p style=\"text-align: center;\">Entrez dans l\u2019univers multiple de Chantal Grimm.<\/p>\n<p>&nbsp;<\/p>\n<hr \/>\n<p>&nbsp;<\/p>\n<\/div>\n<\/div><\/div><\/div><\/div><\/div><div id=\"pg-17-1\"  class=\"panel-grid panel-no-style\" ><div id=\"pgc-17-1-0\"  class=\"panel-grid-cell\" ><div id=\"panel-17-1-0-0\" class=\"so-panel widget widget_media_image panel-first-child panel-last-child\" data-index=\"2\" ><img decoding=\"async\" width=\"600\" height=\"400\" src=\"https:\/\/chantalgrimm.com\/wp-content\/uploads\/2026\/02\/GOUGAUD-CD.jpg\" class=\"image wp-image-4314  attachment-full size-full\" alt=\"\" style=\"max-width: 100%; height: auto;\" srcset=\"https:\/\/chantalgrimm.com\/wp-content\/uploads\/2026\/02\/GOUGAUD-CD.jpg 600w, https:\/\/chantalgrimm.com\/wp-content\/uploads\/2026\/02\/GOUGAUD-CD-272x182.jpg 272w\" sizes=\"(max-width: 600px) 100vw, 600px\" \/><\/div><\/div><div id=\"pgc-17-1-1\"  class=\"panel-grid-cell\" ><div id=\"panel-17-1-1-0\" class=\"so-panel widget widget_sow-editor panel-first-child panel-last-child\" data-index=\"3\" ><div class=\"panel-widget-style panel-widget-style-for-17-1-1-0\" ><div\n\t\t\t\n\t\t\tclass=\"so-widget-sow-editor so-widget-sow-editor-base\"\n\t\t\t\n\t\t>\n<div class=\"siteorigin-widget-tinymce textwidget\">\n\t<h4 style=\"text-align: center;\"><span style=\"color: #c67f22;\">NOUVEAU CD \"JE REVIENDRAI\" <\/span><span style=\"color: #c67f22;\">CHANTAL GRIMM<br \/>\nCHANTE HENRI GOUGAUD<\/span><\/h4>\n<p style=\"text-align: center;\">\"Une ode \u00e0 la beaut\u00e9, \u00e0 la nature, \u00e0 la vie, une respiration inspir\u00e9e, les deux artistes nous r\u00e9galent, du grand art\" <em>(MANU, R\u00e9cr\u00e9action)<\/em><\/p>\n<p style=\"text-align: center;\"><strong>&gt; <a href=\"https:\/\/www.deezer.com\/en\/album\/718317941\">ECOUTER L'ALBUM<\/a>\u00a0 \u00a0 \u00a0&gt; <a href=\"https:\/\/mandolino.fr\/chantal-grimm-chante-henri-gougaud-je-reviendrai\/\">LIRE UN DES ARTICLES<\/a>\u00a0 \u00a0&gt; <a href=\"https:\/\/www.epmmusique.fr\/fr\/cd-chanson-francaise\/3605-chantal-grimm-chante-henri-gougaud-je-reviendrai.html\">ACHETER L'ALBUM<\/a><\/strong><\/p>\n<\/div>\n<\/div><\/div><\/div><\/div><\/div><div id=\"pg-17-2\"  class=\"panel-grid panel-no-style\" ><div id=\"pgc-17-2-0\"  class=\"panel-grid-cell\" ><div id=\"panel-17-2-0-0\" class=\"so-panel widget widget_sow-editor panel-first-child panel-last-child\" data-index=\"4\" ><div class=\"panel-widget-style panel-widget-style-for-17-2-0-0\" ><div\n\t\t\t\n\t\t\tclass=\"so-widget-sow-editor so-widget-sow-editor-base\"\n\t\t\t\n\t\t>\n<div class=\"siteorigin-widget-tinymce textwidget\">\n\t<p>&nbsp;<\/p>\n<hr \/>\n<p>&nbsp;<\/p>\n<\/div>\n<\/div><\/div><\/div><\/div><\/div><div id=\"pg-17-3\"  class=\"panel-grid panel-no-style\" ><div id=\"pgc-17-3-0\"  class=\"panel-grid-cell\" ><div id=\"panel-17-3-0-0\" class=\"so-panel widget widget_sow-editor panel-first-child panel-last-child\" data-index=\"5\" ><div class=\"panel-widget-style panel-widget-style-for-17-3-0-0\" ><div\n\t\t\t\n\t\t\tclass=\"so-widget-sow-editor so-widget-sow-editor-base\"\n\t\t\t\n\t\t>\n<div class=\"siteorigin-widget-tinymce textwidget\">\n\t<h3 style=\"text-align: center;\"><span style=\"color: #c67f22;\">Teaser BALLADES DES BELLES REBELLES<\/span><\/h3>\n<p style=\"text-align: center;\">Coffret de 2 CD Sur des musiques inspir\u00e9es de leur \u00e9poque sans en \u00eatre, Chantal Grimm rend la parole aux po\u00e9tesses du moyen-\u00e2ge et de la Renaissance. <em>Sortie du coffret le 18 novembre 2022<\/em><\/p>\n<p>&nbsp;<\/p>\n<p style=\"text-align: center;\">\n<\/div>\n<\/div><\/div><\/div><\/div><div id=\"pgc-17-3-1\"  class=\"panel-grid-cell\" ><div id=\"panel-17-3-1-0\" class=\"so-panel widget widget_siteorigin-panels-embedded-video panel-first-child panel-last-child\" data-index=\"6\" >\t\t<div class=\"siteorigin-fitvids\"><iframe title=\"BALLADES DES BELLES REBELLES (teaser)\" width=\"1140\" height=\"641\" src=\"https:\/\/www.youtube.com\/embed\/1H7eSsSilUc?feature=oembed\" frameborder=\"0\" allow=\"accelerometer; autoplay; clipboard-write; encrypted-media; gyroscope; picture-in-picture; web-share\" referrerpolicy=\"strict-origin-when-cross-origin\" allowfullscreen><\/iframe><\/div>\n\t\t<\/div><\/div><\/div><div id=\"pg-17-4\"  class=\"panel-grid panel-no-style\" ><div id=\"pgc-17-4-0\"  class=\"panel-grid-cell\" ><div id=\"panel-17-4-0-0\" class=\"so-panel widget widget_sow-editor panel-first-child panel-last-child\" data-index=\"7\" ><div class=\"panel-widget-style panel-widget-style-for-17-4-0-0\" ><div\n\t\t\t\n\t\t\tclass=\"so-widget-sow-editor so-widget-sow-editor-base\"\n\t\t\t\n\t\t>\n<div class=\"siteorigin-widget-tinymce textwidget\">\n\t<p>&nbsp;<\/p>\n<hr \/>\n<p>&nbsp;<\/p>\n<\/div>\n<\/div><\/div><\/div><\/div><\/div><div id=\"pg-17-5\"  class=\"panel-grid panel-no-style\" ><div id=\"pgc-17-5-0\"  class=\"panel-grid-cell\" ><div id=\"panel-17-5-0-0\" class=\"so-panel widget widget_sow-editor panel-first-child panel-last-child\" data-index=\"8\" ><div class=\"panel-widget-style panel-widget-style-for-17-5-0-0\" ><div\n\t\t\t\n\t\t\tclass=\"so-widget-sow-editor so-widget-sow-editor-base\"\n\t\t\t\n\t\t>\n<div class=\"siteorigin-widget-tinymce textwidget\">\n\t<h3 style=\"text-align: center;\"><span style=\"color: #c67f22;\">CHANTAL GRIMM &amp; Les Ecrivants Chanteurs<br \/>\n<\/span><\/h3>\n<\/div>\n<\/div><\/div><\/div><\/div><\/div><div id=\"pg-17-6\"  class=\"panel-grid panel-no-style\" ><div id=\"pgc-17-6-0\"  class=\"panel-grid-cell\" ><div id=\"panel-17-6-0-0\" class=\"so-panel widget widget_sow-editor panel-first-child\" data-index=\"9\" ><div class=\"panel-widget-style panel-widget-style-for-17-6-0-0\" ><div\n\t\t\t\n\t\t\tclass=\"so-widget-sow-editor so-widget-sow-editor-base\"\n\t\t\t\n\t\t>\n<div class=\"siteorigin-widget-tinymce textwidget\">\n\t<h5 style=\"text-align: center;\">Nous les r\u00eaveurs<br \/>\n<em>au Jazz Caf\u00e9 Montparnasse par les Ecrivants Chanteurs<\/em><\/h5>\n<\/div>\n<\/div><\/div><\/div><div id=\"panel-17-6-0-1\" class=\"so-panel widget widget_sow-video panel-last-child\" data-index=\"10\" ><div\n\t\t\t\n\t\t\tclass=\"so-widget-sow-video so-widget-sow-video-default-c08170c47cfb-17\"\n\t\t\t\n\t\t>\n<div class=\"sow-video-wrapper\n use-fitvids\">\n\t\t\t<video\n\t\t\tid=\"sow-player-1\" class=\"sow-video-widget\" preload=\"auto\" style=\"width:100%;height:100%;\" controls \t\t>\n\t\t\t\t\t\t\t<source type=\"\" src=\"http:\/\/www.youtube.com\/watch?v=0R9d7T9jVgI\"\/>\n\t\t\t\t\t<\/video>\n\t<\/div>\n<\/div><\/div><\/div><div id=\"pgc-17-6-1\"  class=\"panel-grid-cell\" ><div id=\"panel-17-6-1-0\" class=\"so-panel widget widget_sow-editor panel-first-child\" data-index=\"11\" ><div class=\"panel-widget-style panel-widget-style-for-17-6-1-0\" ><div\n\t\t\t\n\t\t\tclass=\"so-widget-sow-editor so-widget-sow-editor-base\"\n\t\t\t\n\t\t>\n<div class=\"siteorigin-widget-tinymce textwidget\">\n\t<h5 style=\"text-align: center;\">Le Piano Cass\u00e9<em><br \/>\n\u00e0 Paris-Anim'Dunois, 2017<\/em><\/h5>\n<\/div>\n<\/div><\/div><\/div><div id=\"panel-17-6-1-1\" class=\"so-panel widget widget_sow-video panel-last-child\" data-index=\"12\" ><div\n\t\t\t\n\t\t\tclass=\"so-widget-sow-video so-widget-sow-video-default-c08170c47cfb-17\"\n\t\t\t\n\t\t>\n<div class=\"sow-video-wrapper\n use-fitvids\">\n\t\t\t<video\n\t\t\tid=\"sow-player-2\" class=\"sow-video-widget\" preload=\"auto\" style=\"width:100%;height:100%;\" controls \t\t>\n\t\t\t\t\t\t\t<source type=\"\" src=\"http:\/\/www.youtube.com\/watch?v=1pjsTfS2HT0\"\/>\n\t\t\t\t\t<\/video>\n\t<\/div>\n<\/div><\/div><\/div><\/div><\/div>","protected":false},"excerpt":{"rendered":"<p>&nbsp; CHANTAL GRIMM AUTEURE ~ COMPOSITRICE ~ CONTEUSE Un pied sur sc\u00e8ne ou dans le disque et un autre \u00e0 la fac\u00a0: Chantal Grimm est peut-\u00eatre la seule repr\u00e9sentante de ce type en chanson. Un \u00ab\u00a0tube\u00a0\u00bb \u00e0 la fin des ann\u00e9es 70, le Piano cass\u00e9, et des titres comme les Vrais hommes (qui d\u00e9fraya la [&hellip;]<\/p>\n","protected":false},"author":1,"featured_media":0,"parent":0,"menu_order":0,"comment_status":"closed","ping_status":"closed","template":"","meta":{"footnotes":""},"class_list":["post-17","page","type-page","status-publish","hentry","post"],"yoast_head":"<!-- This site is optimized with the Yoast SEO plugin v27.5 - https:\/\/yoast.com\/product\/yoast-seo-wordpress\/ -->\n<title>Chantal Grimm auteure-compositrice et animatrice d&#039;ateliers d&#039;\u00e9criture<\/title>\n<meta name=\"description\" content=\"Chantal Grimm, auteure-compositrice, conteuse, animatrice d&#039;ateliers d&#039;\u00e9criture, (p\u00e9dagogie de la chanson, de la nouvelle, du conte et de la comptine), chanson fran\u00e7aise, contes et nouvelles, chansons \u00e0 texte (Le piano cass\u00e9, les Vrais hommes, Monsieur Tout-le-monde), d\u00e9fense du fran\u00e7ais, \u00e9criture de la chanson, m\u00e9thode (la Cuisine des Mots), recherche de la parit\u00e9 dans la m\u00e9moire culturelle (album Ballades des Belles Rebelles), Spectacle Rimes en Grimm (albums Rappels et Nous les R\u00eaveurs). Chantal Grimm, un autre Hymne pour les femmes.\" \/>\n<meta name=\"robots\" content=\"index, follow, max-snippet:-1, max-image-preview:large, max-video-preview:-1\" \/>\n<link rel=\"canonical\" href=\"https:\/\/chantalgrimm.com\/\" \/>\n<meta property=\"og:locale\" content=\"fr_FR\" \/>\n<meta property=\"og:type\" content=\"article\" \/>\n<meta property=\"og:title\" content=\"Chantal Grimm auteure-compositrice et animatrice d&#039;ateliers d&#039;\u00e9criture\" \/>\n<meta property=\"og:description\" content=\"Chantal Grimm, auteure-compositrice, conteuse, animatrice d&#039;ateliers d&#039;\u00e9criture, (p\u00e9dagogie de la chanson, de la nouvelle, du conte et de la comptine), chanson fran\u00e7aise, contes et nouvelles, chansons \u00e0 texte (Le piano cass\u00e9, les Vrais hommes, Monsieur Tout-le-monde), d\u00e9fense du fran\u00e7ais, \u00e9criture de la chanson, m\u00e9thode (la Cuisine des Mots), recherche de la parit\u00e9 dans la m\u00e9moire culturelle (album Ballades des Belles Rebelles), Spectacle Rimes en Grimm (albums Rappels et Nous les R\u00eaveurs). Chantal Grimm, un autre Hymne pour les femmes.\" \/>\n<meta property=\"og:url\" content=\"https:\/\/chantalgrimm.com\/\" \/>\n<meta property=\"og:site_name\" content=\"Chantal Grimm\" \/>\n<meta property=\"article:modified_time\" content=\"2026-02-27T14:51:00+00:00\" \/>\n<meta name=\"twitter:card\" content=\"summary_large_image\" \/>\n<meta name=\"twitter:label1\" content=\"Dur\u00e9e de lecture estim\u00e9e\" \/>\n\t<meta name=\"twitter:data1\" content=\"3 minutes\" \/>\n<script type=\"application\/ld+json\" class=\"yoast-schema-graph\">{\"@context\":\"https:\\\/\\\/schema.org\",\"@graph\":[{\"@type\":\"WebPage\",\"@id\":\"https:\\\/\\\/chantalgrimm.com\\\/\",\"url\":\"https:\\\/\\\/chantalgrimm.com\\\/\",\"name\":\"Chantal Grimm auteure-compositrice et animatrice d'ateliers d'\u00e9criture\",\"isPartOf\":{\"@id\":\"https:\\\/\\\/chantalgrimm.com\\\/#website\"},\"datePublished\":\"2018-04-26T17:59:27+00:00\",\"dateModified\":\"2026-02-27T14:51:00+00:00\",\"description\":\"Chantal Grimm, auteure-compositrice, conteuse, animatrice d'ateliers d'\u00e9criture, (p\u00e9dagogie de la chanson, de la nouvelle, du conte et de la comptine), chanson fran\u00e7aise, contes et nouvelles, chansons \u00e0 texte (Le piano cass\u00e9, les Vrais hommes, Monsieur Tout-le-monde), d\u00e9fense du fran\u00e7ais, \u00e9criture de la chanson, m\u00e9thode (la Cuisine des Mots), recherche de la parit\u00e9 dans la m\u00e9moire culturelle (album Ballades des Belles Rebelles), Spectacle Rimes en Grimm (albums Rappels et Nous les R\u00eaveurs). Chantal Grimm, un autre Hymne pour les femmes.\",\"breadcrumb\":{\"@id\":\"https:\\\/\\\/chantalgrimm.com\\\/#breadcrumb\"},\"inLanguage\":\"fr-FR\",\"potentialAction\":[{\"@type\":\"ReadAction\",\"target\":[\"https:\\\/\\\/chantalgrimm.com\\\/\"]}]},{\"@type\":\"BreadcrumbList\",\"@id\":\"https:\\\/\\\/chantalgrimm.com\\\/#breadcrumb\",\"itemListElement\":[{\"@type\":\"ListItem\",\"position\":1,\"name\":\"Home\",\"item\":\"https:\\\/\\\/chantalgrimm.com\\\/\"},{\"@type\":\"ListItem\",\"position\":2,\"name\":\"Accueil\"}]},{\"@type\":\"WebSite\",\"@id\":\"https:\\\/\\\/chantalgrimm.com\\\/#website\",\"url\":\"https:\\\/\\\/chantalgrimm.com\\\/\",\"name\":\"Chantal Grimm\",\"description\":\"Auteure - Compositrice - Conteuse\",\"publisher\":{\"@id\":\"https:\\\/\\\/chantalgrimm.com\\\/#organization\"},\"potentialAction\":[{\"@type\":\"SearchAction\",\"target\":{\"@type\":\"EntryPoint\",\"urlTemplate\":\"https:\\\/\\\/chantalgrimm.com\\\/?s={search_term_string}\"},\"query-input\":{\"@type\":\"PropertyValueSpecification\",\"valueRequired\":true,\"valueName\":\"search_term_string\"}}],\"inLanguage\":\"fr-FR\"},{\"@type\":\"Organization\",\"@id\":\"https:\\\/\\\/chantalgrimm.com\\\/#organization\",\"name\":\"Chantal Grimm\",\"url\":\"https:\\\/\\\/chantalgrimm.com\\\/\",\"logo\":{\"@type\":\"ImageObject\",\"inLanguage\":\"fr-FR\",\"@id\":\"https:\\\/\\\/chantalgrimm.com\\\/#\\\/schema\\\/logo\\\/image\\\/\",\"url\":\"https:\\\/\\\/chantalgrimm.com\\\/wp-content\\\/uploads\\\/2026\\\/02\\\/cropped-Logo_ChantalGrimm-1.png\",\"contentUrl\":\"https:\\\/\\\/chantalgrimm.com\\\/wp-content\\\/uploads\\\/2026\\\/02\\\/cropped-Logo_ChantalGrimm-1.png\",\"width\":339,\"height\":90,\"caption\":\"Chantal Grimm\"},\"image\":{\"@id\":\"https:\\\/\\\/chantalgrimm.com\\\/#\\\/schema\\\/logo\\\/image\\\/\"}}]}<\/script>\n<!-- \/ Yoast SEO plugin. -->","yoast_head_json":{"title":"Chantal Grimm auteure-compositrice et animatrice d'ateliers d'\u00e9criture","description":"Chantal Grimm, auteure-compositrice, conteuse, animatrice d'ateliers d'\u00e9criture, (p\u00e9dagogie de la chanson, de la nouvelle, du conte et de la comptine), chanson fran\u00e7aise, contes et nouvelles, chansons \u00e0 texte (Le piano cass\u00e9, les Vrais hommes, Monsieur Tout-le-monde), d\u00e9fense du fran\u00e7ais, \u00e9criture de la chanson, m\u00e9thode (la Cuisine des Mots), recherche de la parit\u00e9 dans la m\u00e9moire culturelle (album Ballades des Belles Rebelles), Spectacle Rimes en Grimm (albums Rappels et Nous les R\u00eaveurs). Chantal Grimm, un autre Hymne pour les femmes.","robots":{"index":"index","follow":"follow","max-snippet":"max-snippet:-1","max-image-preview":"max-image-preview:large","max-video-preview":"max-video-preview:-1"},"canonical":"https:\/\/chantalgrimm.com\/","og_locale":"fr_FR","og_type":"article","og_title":"Chantal Grimm auteure-compositrice et animatrice d'ateliers d'\u00e9criture","og_description":"Chantal Grimm, auteure-compositrice, conteuse, animatrice d'ateliers d'\u00e9criture, (p\u00e9dagogie de la chanson, de la nouvelle, du conte et de la comptine), chanson fran\u00e7aise, contes et nouvelles, chansons \u00e0 texte (Le piano cass\u00e9, les Vrais hommes, Monsieur Tout-le-monde), d\u00e9fense du fran\u00e7ais, \u00e9criture de la chanson, m\u00e9thode (la Cuisine des Mots), recherche de la parit\u00e9 dans la m\u00e9moire culturelle (album Ballades des Belles Rebelles), Spectacle Rimes en Grimm (albums Rappels et Nous les R\u00eaveurs). Chantal Grimm, un autre Hymne pour les femmes.","og_url":"https:\/\/chantalgrimm.com\/","og_site_name":"Chantal Grimm","article_modified_time":"2026-02-27T14:51:00+00:00","twitter_card":"summary_large_image","twitter_misc":{"Dur\u00e9e de lecture estim\u00e9e":"3 minutes"},"schema":{"@context":"https:\/\/schema.org","@graph":[{"@type":"WebPage","@id":"https:\/\/chantalgrimm.com\/","url":"https:\/\/chantalgrimm.com\/","name":"Chantal Grimm auteure-compositrice et animatrice d'ateliers d'\u00e9criture","isPartOf":{"@id":"https:\/\/chantalgrimm.com\/#website"},"datePublished":"2018-04-26T17:59:27+00:00","dateModified":"2026-02-27T14:51:00+00:00","description":"Chantal Grimm, auteure-compositrice, conteuse, animatrice d'ateliers d'\u00e9criture, (p\u00e9dagogie de la chanson, de la nouvelle, du conte et de la comptine), chanson fran\u00e7aise, contes et nouvelles, chansons \u00e0 texte (Le piano cass\u00e9, les Vrais hommes, Monsieur Tout-le-monde), d\u00e9fense du fran\u00e7ais, \u00e9criture de la chanson, m\u00e9thode (la Cuisine des Mots), recherche de la parit\u00e9 dans la m\u00e9moire culturelle (album Ballades des Belles Rebelles), Spectacle Rimes en Grimm (albums Rappels et Nous les R\u00eaveurs). Chantal Grimm, un autre Hymne pour les femmes.","breadcrumb":{"@id":"https:\/\/chantalgrimm.com\/#breadcrumb"},"inLanguage":"fr-FR","potentialAction":[{"@type":"ReadAction","target":["https:\/\/chantalgrimm.com\/"]}]},{"@type":"BreadcrumbList","@id":"https:\/\/chantalgrimm.com\/#breadcrumb","itemListElement":[{"@type":"ListItem","position":1,"name":"Home","item":"https:\/\/chantalgrimm.com\/"},{"@type":"ListItem","position":2,"name":"Accueil"}]},{"@type":"WebSite","@id":"https:\/\/chantalgrimm.com\/#website","url":"https:\/\/chantalgrimm.com\/","name":"Chantal Grimm","description":"Auteure - Compositrice - Conteuse","publisher":{"@id":"https:\/\/chantalgrimm.com\/#organization"},"potentialAction":[{"@type":"SearchAction","target":{"@type":"EntryPoint","urlTemplate":"https:\/\/chantalgrimm.com\/?s={search_term_string}"},"query-input":{"@type":"PropertyValueSpecification","valueRequired":true,"valueName":"search_term_string"}}],"inLanguage":"fr-FR"},{"@type":"Organization","@id":"https:\/\/chantalgrimm.com\/#organization","name":"Chantal Grimm","url":"https:\/\/chantalgrimm.com\/","logo":{"@type":"ImageObject","inLanguage":"fr-FR","@id":"https:\/\/chantalgrimm.com\/#\/schema\/logo\/image\/","url":"https:\/\/chantalgrimm.com\/wp-content\/uploads\/2026\/02\/cropped-Logo_ChantalGrimm-1.png","contentUrl":"https:\/\/chantalgrimm.com\/wp-content\/uploads\/2026\/02\/cropped-Logo_ChantalGrimm-1.png","width":339,"height":90,"caption":"Chantal Grimm"},"image":{"@id":"https:\/\/chantalgrimm.com\/#\/schema\/logo\/image\/"}}]}},"_links":{"self":[{"href":"https:\/\/chantalgrimm.com\/index.php?rest_route=\/wp\/v2\/pages\/17","targetHints":{"allow":["GET"]}}],"collection":[{"href":"https:\/\/chantalgrimm.com\/index.php?rest_route=\/wp\/v2\/pages"}],"about":[{"href":"https:\/\/chantalgrimm.com\/index.php?rest_route=\/wp\/v2\/types\/page"}],"author":[{"embeddable":true,"href":"https:\/\/chantalgrimm.com\/index.php?rest_route=\/wp\/v2\/users\/1"}],"replies":[{"embeddable":true,"href":"https:\/\/chantalgrimm.com\/index.php?rest_route=%2Fwp%2Fv2%2Fcomments&post=17"}],"version-history":[{"count":489,"href":"https:\/\/chantalgrimm.com\/index.php?rest_route=\/wp\/v2\/pages\/17\/revisions"}],"predecessor-version":[{"id":4407,"href":"https:\/\/chantalgrimm.com\/index.php?rest_route=\/wp\/v2\/pages\/17\/revisions\/4407"}],"wp:attachment":[{"href":"https:\/\/chantalgrimm.com\/index.php?rest_route=%2Fwp%2Fv2%2Fmedia&parent=17"}],"curies":[{"name":"wp","href":"https:\/\/api.w.org\/{rel}","templated":true}]}}